{"id":128,"date":"2024-04-15T16:13:18","date_gmt":"2024-04-15T19:13:18","guid":{"rendered":"https:\/\/gzs05.zappacorp.com\/?page_id=128"},"modified":"2024-04-22T16:45:26","modified_gmt":"2024-04-22T19:45:26","slug":"quem-somos","status":"publish","type":"page","link":"https:\/\/gzs05.zappacorp.com\/index.php\/quem-somos\/","title":{"rendered":"Quem somos?"},"content":{"rendered":"\n<div class=\"wp-block-group alignfull has-ti-fg-alt-color has-ti-accent-background-color has-text-color has-background is-layout-constrained wp-container-core-group-layout-5 wp-block-group-is-layout-constrained\" style=\"margin-top:0px;margin-bottom:0px;padding-top:64px;padding-bottom:64px\">\n<div class=\"wp-block-group alignwide is-layout-flow wp-block-group-is-layout-flow\">\n<div class=\"wp-block-columns is-layout-flex wp-container-core-columns-layout-1 wp-block-columns-is-layout-flex\">\n<div class=\"wp-block-column is-layout-flow wp-container-core-column-layout-1 wp-block-column-is-layout-flow\">\n<div class=\"wp-block-group is-layout-constrained wp-block-group-is-layout-constrained\" style=\"border-radius:5px\">\n<figure class=\"wp-block-image size-full is-resized is-style-rounded\"><img loading=\"lazy\" decoding=\"async\" width=\"150\" height=\"150\" src=\"https:\/\/gzs05.zappacorp.com\/wp-content\/uploads\/2024\/04\/vaulticon.jpg\" alt=\"\" class=\"wp-image-133\" style=\"width:96px;height:auto\"\/><\/figure>\n\n\n\n<p class=\"has-text-align-left\">&#8220;A maior preocupa\u00e7\u00e3o \u00e9 com a desinforma\u00e7\u00e3o e elitiza\u00e7\u00e3o da seguran\u00e7a ao navegar na web&#8230;&#8221;<br><br><\/p>\n\n\n\n<p class=\"has-text-align-left has-small-font-size\"><strong>CAIO MATHEUS<\/strong><\/p>\n<\/div>\n<\/div>\n\n\n\n<div class=\"wp-block-column is-layout-flow wp-container-core-column-layout-2 wp-block-column-is-layout-flow\">\n<div class=\"wp-block-group is-layout-constrained wp-block-group-is-layout-constrained\" style=\"border-radius:5px\">\n<figure class=\"wp-block-gallery has-nested-images columns-default is-cropped wp-block-gallery-1 is-layout-flex wp-block-gallery-is-layout-flex\">\n<figure class=\"wp-block-image size-full is-resized is-style-rounded\"><img loading=\"lazy\" decoding=\"async\" width=\"720\" height=\"720\" src=\"https:\/\/gzs05.zappacorp.com\/wp-content\/uploads\/2024\/04\/kaykyMIAU-1-edited.jpg\" alt=\"\" class=\"wp-image-148\" style=\"width:99px;height:auto\" srcset=\"https:\/\/gzs05.zappacorp.com\/wp-content\/uploads\/2024\/04\/kaykyMIAU-1-edited.jpg 720w, https:\/\/gzs05.zappacorp.com\/wp-content\/uploads\/2024\/04\/kaykyMIAU-1-edited-300x300.jpg 300w, https:\/\/gzs05.zappacorp.com\/wp-content\/uploads\/2024\/04\/kaykyMIAU-1-edited-150x150.jpg 150w\" sizes=\"(max-width: 720px) 100vw, 720px\" \/><\/figure>\n<\/figure>\n\n\n\n<p class=\"has-text-align-left\">&#8220;N\u00e3o h\u00e1 trabalho ruim, ruim \u00e9 ter que trabalhar.<\/p>\n\n\n\n<p class=\"has-text-align-left\">&#8211; seu madruga&#8221;<br><\/p>\n\n\n\n<p class=\"has-text-align-left has-small-font-size\"><strong>KAYKY FERREIRA<\/strong><\/p>\n<\/div>\n<\/div>\n\n\n\n<div class=\"wp-block-column is-layout-flow wp-container-core-column-layout-3 wp-block-column-is-layout-flow\">\n<div class=\"wp-block-group is-layout-constrained wp-block-group-is-layout-constrained\" style=\"border-radius:5px\">\n<figure class=\"wp-block-image size-full is-resized is-style-rounded\"><img loading=\"lazy\" decoding=\"async\" width=\"980\" height=\"980\" src=\"https:\/\/gzs05.zappacorp.com\/wp-content\/uploads\/2024\/04\/astronauta.jpg\" alt=\"\" class=\"wp-image-178\" style=\"width:99px;height:auto\" srcset=\"https:\/\/gzs05.zappacorp.com\/wp-content\/uploads\/2024\/04\/astronauta.jpg 980w, https:\/\/gzs05.zappacorp.com\/wp-content\/uploads\/2024\/04\/astronauta-300x300.jpg 300w, https:\/\/gzs05.zappacorp.com\/wp-content\/uploads\/2024\/04\/astronauta-150x150.jpg 150w, https:\/\/gzs05.zappacorp.com\/wp-content\/uploads\/2024\/04\/astronauta-768x768.jpg 768w\" sizes=\"(max-width: 980px) 100vw, 980px\" \/><\/figure>\n\n\n\n<p class=\"has-text-align-left\">&#8220;O carlinhos \u00e9 &#8220;<br><br>&#8211; Racionais MC&#8217;s.<\/p>\n\n\n\n<p class=\"has-text-align-left has-small-font-size\"><strong>PAULO BISPO<\/strong><\/p>\n<\/div>\n<\/div>\n<\/div>\n<\/div>\n<\/div>\n\n\n\n<div class=\"wp-block-group alignfull has-ti-fg-alt-color has-ti-accent-background-color has-text-color has-background is-layout-constrained wp-container-core-group-layout-9 wp-block-group-is-layout-constrained\" style=\"margin-top:0px;margin-bottom:0px;padding-top:64px;padding-bottom:64px\">\n<div class=\"wp-block-group alignwide is-layout-flow wp-block-group-is-layout-flow\">\n<div class=\"wp-block-columns is-layout-flex wp-container-core-columns-layout-2 wp-block-columns-is-layout-flex\">\n<div class=\"wp-block-column is-layout-flow wp-container-core-column-layout-4 wp-block-column-is-layout-flow\">\n<div class=\"wp-block-group is-layout-constrained wp-block-group-is-layout-constrained\" style=\"border-radius:5px\">\n<figure class=\"wp-block-image size-full is-resized is-style-rounded\"><img loading=\"lazy\" decoding=\"async\" width=\"290\" height=\"180\" src=\"https:\/\/gzs05.zappacorp.com\/wp-content\/uploads\/2024\/04\/andofino.jpg\" alt=\"\" class=\"wp-image-245\" style=\"width:131px;height:auto\"\/><\/figure>\n\n\n\n<p class=\"has-text-align-left\">&#8220;Do que adianta eu ser dur\u00e3o e o cora\u00e7\u00e3o ser vuner\u00e1vel?&#8221;<br><br>&#8211; Racionais MC&#8217;s.<br><\/p>\n\n\n\n<p class=\"has-text-align-left has-small-font-size\"><strong>HUDSON HENRIQUE<\/strong><\/p>\n<\/div>\n<\/div>\n\n\n\n<div class=\"wp-block-column is-layout-flow wp-container-core-column-layout-5 wp-block-column-is-layout-flow\">\n<div class=\"wp-block-group is-layout-constrained wp-block-group-is-layout-constrained\" style=\"border-radius:5px\">\n<figure class=\"wp-block-image size-full is-resized is-style-rounded\"><img loading=\"lazy\" decoding=\"async\" width=\"287\" height=\"176\" src=\"https:\/\/gzs05.zappacorp.com\/wp-content\/uploads\/2024\/04\/images.png\" alt=\"\" class=\"wp-image-248\" style=\"width:145px;height:auto\"\/><\/figure>\n\n\n\n<p class=\"has-text-align-left\">&#8220;wordpress&#8221;<br><br>&#8211; a <\/p>\n\n\n\n<p class=\"has-text-align-left has-small-font-size\"><strong>FABIO HENRIQUE<\/strong><\/p>\n<\/div>\n<\/div>\n<\/div>\n<\/div>\n<\/div>\n\n\n<style id=\"wpforms-css-vars-root\">\n\t\t\t\t:root {\n\t\t\t\t\t--wpforms-field-border-radius: 3px;\n--wpforms-field-background-color: #ffffff;\n--wpforms-field-border-color: rgba( 0, 0, 0, 0.25 );\n--wpforms-field-text-color: rgba( 0, 0, 0, 0.7 );\n--wpforms-label-color: rgba( 0, 0, 0, 0.85 );\n--wpforms-label-sublabel-color: rgba( 0, 0, 0, 0.55 );\n--wpforms-label-error-color: #d63637;\n--wpforms-button-border-radius: 3px;\n--wpforms-button-background-color: #066aab;\n--wpforms-button-text-color: #ffffff;\n--wpforms-page-break-color: #066aab;\n--wpforms-field-size-input-height: 43px;\n--wpforms-field-size-input-spacing: 15px;\n--wpforms-field-size-font-size: 16px;\n--wpforms-field-size-line-height: 19px;\n--wpforms-field-size-padding-h: 14px;\n--wpforms-field-size-checkbox-size: 16px;\n--wpforms-field-size-sublabel-spacing: 5px;\n--wpforms-field-size-icon-size: 1;\n--wpforms-label-size-font-size: 16px;\n--wpforms-label-size-line-height: 19px;\n--wpforms-label-size-sublabel-font-size: 14px;\n--wpforms-label-size-sublabel-line-height: 17px;\n--wpforms-button-size-font-size: 17px;\n--wpforms-button-size-height: 41px;\n--wpforms-button-size-padding-h: 15px;\n--wpforms-button-size-margin-top: 10px;\n\n\t\t\t\t}\n\t\t\t<\/style><div class=\"wpforms-container wpforms-container-full wpforms-block wpforms-block-26801aac-6c5d-4be2-9018-1614870040d4 wpforms-render-modern\" id=\"wpforms-237\"><form id=\"wpforms-form-237\" class=\"wpforms-validate wpforms-form wpforms-ajax-form\" data-formid=\"237\" method=\"post\" enctype=\"multipart\/form-data\" action=\"\/index.php\/wp-json\/wp\/v2\/pages\/128\" data-token=\"80ad1f46c75617e4e60eee79eea93a7d\"><noscript class=\"wpforms-error-noscript\">Ative o JavaScript no seu navegador para preencher este formul\u00e1rio.<\/noscript><div class=\"wpforms-hidden\" id=\"wpforms-error-noscript\">Ative o JavaScript no seu navegador para preencher este formul\u00e1rio.<\/div><div class=\"wpforms-field-container\"><div id=\"wpforms-237-field_0-container\" class=\"wpforms-field wpforms-field-name\" data-field-id=\"0\"><fieldset><legend class=\"wpforms-field-label\">Nome <span class=\"wpforms-required-label\" aria-hidden=\"true\">*<\/span><\/legend><div class=\"wpforms-field-row wpforms-field-medium\"><div class=\"wpforms-field-row-block wpforms-first wpforms-one-half\"><input type=\"text\" id=\"wpforms-237-field_0\" class=\"wpforms-field-name-first wpforms-field-required\" name=\"wpforms[fields][0][first]\" aria-errormessage=\"wpforms-237-field_0-error\" required><label for=\"wpforms-237-field_0\" class=\"wpforms-field-sublabel after \">Nome<\/label><\/div><div class=\"wpforms-field-row-block wpforms-one-half\"><input type=\"text\" id=\"wpforms-237-field_0-last\" class=\"wpforms-field-name-last wpforms-field-required\" name=\"wpforms[fields][0][last]\" aria-errormessage=\"wpforms-237-field_0-last-error\" required><label for=\"wpforms-237-field_0-last\" class=\"wpforms-field-sublabel after \">Sobrenome<\/label><\/div><\/div><\/fieldset><\/div><div id=\"wpforms-237-field_1-container\" class=\"wpforms-field wpforms-field-email\" data-field-id=\"1\"><label class=\"wpforms-field-label\" for=\"wpforms-237-field_1\">E-mail <span class=\"wpforms-required-label\" aria-hidden=\"true\">*<\/span><\/label><input type=\"email\" id=\"wpforms-237-field_1\" class=\"wpforms-field-medium wpforms-field-required\" name=\"wpforms[fields][1]\" spellcheck=\"false\" aria-errormessage=\"wpforms-237-field_1-error\" required><\/div><div id=\"wpforms-237-field_2-container\" class=\"wpforms-field wpforms-field-textarea\" data-field-id=\"2\"><label class=\"wpforms-field-label\" for=\"wpforms-237-field_2\">Coment\u00e1rio ou Mensagem<\/label><textarea id=\"wpforms-237-field_2\" class=\"wpforms-field-medium\" name=\"wpforms[fields][2]\" aria-errormessage=\"wpforms-237-field_2-error\" ><\/textarea><\/div><\/div><!-- .wpforms-field-container --><div class=\"wpforms-submit-container\" ><input type=\"hidden\" name=\"wpforms[id]\" value=\"237\"><input type=\"hidden\" name=\"wpforms[author]\" value=\"1\"><button type=\"submit\" name=\"wpforms[submit]\" id=\"wpforms-submit-237\" class=\"wpforms-submit\" data-alt-text=\"Enviando\u2026\" data-submit-text=\"Enviar\" aria-live=\"assertive\" value=\"wpforms-submit\">Enviar<\/button><img loading=\"lazy\" decoding=\"async\" src=\"https:\/\/gzs05.zappacorp.com\/wp-content\/plugins\/wpforms-lite\/assets\/images\/submit-spin.svg\" class=\"wpforms-submit-spinner\" style=\"display: none;\" width=\"26\" height=\"26\" alt=\"Carregando\"><\/div><\/form><\/div>  <!-- .wpforms-container -->","protected":false},"excerpt":{"rendered":"<p>&#8220;A maior preocupa\u00e7\u00e3o \u00e9 com a desinforma\u00e7\u00e3o e elitiza\u00e7\u00e3o da seguran\u00e7a ao navegar na web&#8230;&#8221; CAIO MATHEUS &#8220;N\u00e3o h\u00e1 trabalho ruim, ruim \u00e9 ter que trabalhar. &#8211; seu madruga&#8221; KAYKY FERREIRA &#8220;O carlinhos \u00e9 &#8220; &#8211; Racionais MC&#8217;s. PAULO BISPO &#8220;Do que adianta eu ser dur\u00e3o e o cora\u00e7\u00e3o ser vuner\u00e1vel?&#8221; &#8211; Racionais MC&#8217;s. HUDSON [&hellip;]<\/p>\n","protected":false},"author":1,"featured_media":0,"parent":0,"menu_order":0,"comment_status":"open","ping_status":"closed","template":"","meta":{"footnotes":""},"_links":{"self":[{"href":"https:\/\/gzs05.zappacorp.com\/index.php\/wp-json\/wp\/v2\/pages\/128"}],"collection":[{"href":"https:\/\/gzs05.zappacorp.com\/index.php\/wp-json\/wp\/v2\/pages"}],"about":[{"href":"https:\/\/gzs05.zappacorp.com\/index.php\/wp-json\/wp\/v2\/types\/page"}],"author":[{"embeddable":true,"href":"https:\/\/gzs05.zappacorp.com\/index.php\/wp-json\/wp\/v2\/users\/1"}],"replies":[{"embeddable":true,"href":"https:\/\/gzs05.zappacorp.com\/index.php\/wp-json\/wp\/v2\/comments?post=128"}],"version-history":[{"count":9,"href":"https:\/\/gzs05.zappacorp.com\/index.php\/wp-json\/wp\/v2\/pages\/128\/revisions"}],"predecessor-version":[{"id":251,"href":"https:\/\/gzs05.zappacorp.com\/index.php\/wp-json\/wp\/v2\/pages\/128\/revisions\/251"}],"wp:attachment":[{"href":"https:\/\/gzs05.zappacorp.com\/index.php\/wp-json\/wp\/v2\/media?parent=128"}],"curies":[{"name":"wp","href":"https:\/\/api.w.org\/{rel}","templated":true}]}}